{"id":3362,"date":"2023-10-25T09:08:32","date_gmt":"2023-10-25T09:08:32","guid":{"rendered":"https:\/\/serisolar.com\/contatti\/"},"modified":"2025-05-26T13:26:35","modified_gmt":"2025-05-26T13:26:35","slug":"kostenvoranschlag","status":"publish","type":"page","link":"https:\/\/serisolar.com\/de\/kostenvoranschlag\/","title":{"rendered":"Kostenvoranschlag"},"content":{"rendered":"[vc_row type=&#8220;full_width_content&#8220; full_screen_row_position=&#8220;middle&#8220; column_margin=&#8220;default&#8220; column_direction=&#8220;default&#8220; column_direction_tablet=&#8220;default&#8220; column_direction_phone=&#8220;default&#8220; bg_image=&#8220;2378&#8243; bg_position=&#8220;center center&#8220; background_image_loading=&#8220;default&#8220; bg_repeat=&#8220;no-repeat&#8220; scene_position=&#8220;center&#8220; top_padding=&#8220;20%&#8220; bottom_padding=&#8220;5%&#8220; top_padding_phone=&#8220;35%&#8220; bottom_padding_phone=&#8220;10%&#8220; text_color=&#8220;light&#8220; text_align=&#8220;left&#8220; row_border_radius=&#8220;none&#8220; row_border_radius_applies=&#8220;bg&#8220; overflow=&#8220;visible&#8220; enable_gradient=&#8220;true&#8220; color_overlay=&#8220;#333333&#8243; advanced_gradient_angle=&#8220;0&#8243; overlay_strength=&#8220;0.5&#8243; gradient_direction=&#8220;left_to_right&#8220; shape_divider_position=&#8220;bottom&#8220; bg_image_animation=&#8220;none&#8220; shape_type=&#8220;&#8220; gradient_type=&#8220;default&#8220;][vc_column column_padding=&#8220;padding-5-percent&#8220; column_padding_tablet=&#8220;inherit&#8220; column_padding_phone=&#8220;inherit&#8220; column_padding_position=&#8220;left&#8220; column_element_direction_desktop=&#8220;default&#8220; column_element_spacing=&#8220;default&#8220; desktop_text_alignment=&#8220;default&#8220; tablet_text_alignment=&#8220;default&#8220; phone_text_alignment=&#8220;default&#8220; background_color_opacity=&#8220;1&#8243; background_hover_color_opacity=&#8220;1&#8243; column_backdrop_filter=&#8220;none&#8220; column_shadow=&#8220;none&#8220; column_border_radius=&#8220;none&#8220; column_link_target=&#8220;_self&#8220; column_position=&#8220;default&#8220; gradient_direction=&#8220;left_to_right&#8220; overlay_strength=&#8220;0.3&#8243; width=&#8220;1\/1&#8243; tablet_width_inherit=&#8220;default&#8220; animation_type=&#8220;default&#8220; bg_image_animation=&#8220;none&#8220; border_type=&#8220;simple&#8220; column_border_width=&#8220;none&#8220; column_border_style=&#8220;solid&#8220;][vc_row_inner column_margin=&#8220;default&#8220; column_direction=&#8220;default&#8220; column_direction_tablet=&#8220;default&#8220; column_direction_phone=&#8220;default&#8220; bottom_padding_phone=&#8220;5%&#8220; text_align=&#8220;left&#8220; row_position=&#8220;default&#8220; row_position_tablet=&#8220;inherit&#8220; row_position_phone=&#8220;inherit&#8220; overflow=&#8220;visible&#8220; pointer_events=&#8220;all&#8220;][vc_column_inner column_padding=&#8220;no-extra-padding&#8220; column_padding_tablet=&#8220;inherit&#8220; column_padding_phone=&#8220;inherit&#8220; column_padding_position=&#8220;all&#8220; column_element_direction_desktop=&#8220;default&#8220; column_element_spacing=&#8220;default&#8220; desktop_text_alignment=&#8220;default&#8220; tablet_text_alignment=&#8220;default&#8220; phone_text_alignment=&#8220;default&#8220; background_color_opacity=&#8220;1&#8243; background_hover_color_opacity=&#8220;1&#8243; column_backdrop_filter=&#8220;none&#8220; column_shadow=&#8220;none&#8220; column_border_radius=&#8220;none&#8220; column_link_target=&#8220;_self&#8220; overflow=&#8220;visible&#8220; gradient_direction=&#8220;left_to_right&#8220; overlay_strength=&#8220;0.3&#8243; width=&#8220;1\/2&#8243; tablet_width_inherit=&#8220;default&#8220; animation_type=&#8220;default&#8220; bg_image_animation=&#8220;none&#8220; border_type=&#8220;simple&#8220; column_border_width=&#8220;none&#8220; column_border_style=&#8220;solid&#8220;][split_line_heading animation_type=&#8220;line-reveal-by-space&#8220; font_style=&#8220;h1&#8243; line_reveal_by_space_text_effect=&#8220;default&#8220; content_alignment=&#8220;default&#8220; mobile_content_alignment=&#8220;inherit&#8220; link_target=&#8220;_self&#8220; text_content=&#8220;Fragen Sie nach Informationen oder einem kostenlosen Angebot.&#8220; text_direction=&#8220;default&#8220; font_line_height=&#8220;1.4&#8243;][\/split_line_heading][\/vc_column_inner][vc_column_inner column_padding=&#8220;no-extra-padding&#8220; column_padding_tablet=&#8220;inherit&#8220; column_padding_phone=&#8220;inherit&#8220; column_padding_position=&#8220;all&#8220; column_element_direction_desktop=&#8220;default&#8220; column_element_spacing=&#8220;default&#8220; desktop_text_alignment=&#8220;default&#8220; tablet_text_alignment=&#8220;default&#8220; phone_text_alignment=&#8220;default&#8220; background_color_opacity=&#8220;1&#8243; background_hover_color_opacity=&#8220;1&#8243; column_backdrop_filter=&#8220;none&#8220; column_shadow=&#8220;none&#8220; column_border_radius=&#8220;none&#8220; column_link_target=&#8220;_self&#8220; overflow=&#8220;visible&#8220; gradient_direction=&#8220;left_to_right&#8220; overlay_strength=&#8220;0.3&#8243; width=&#8220;1\/2&#8243; tablet_width_inherit=&#8220;default&#8220; animation_type=&#8220;default&#8220; bg_image_animation=&#8220;none&#8220; border_type=&#8220;simple&#8220; column_border_width=&#8220;none&#8220; column_border_style=&#8220;solid&#8220;][\/vc_column_inner][\/vc_row_inner][\/vc_column][\/vc_row][vc_row type=&#8220;full_width_background&#8220; full_screen_row_position=&#8220;middle&#8220; column_margin=&#8220;default&#8220; column_direction=&#8220;default&#8220; column_direction_tablet=&#8220;default&#8220; column_direction_phone=&#8220;column_reverse&#8220; bg_color=&#8220;rgba(104,117,125,0.15)&#8220; scene_position=&#8220;center&#8220; top_padding=&#8220;5%&#8220; text_color=&#8220;custom&#8220; text_align=&#8220;left&#8220; row_border_radius=&#8220;none&#8220; row_border_radius_applies=&#8220;bg&#8220; overflow=&#8220;visible&#8220; advanced_gradient_angle=&#8220;0&#8243; overlay_strength=&#8220;0.3&#8243; gradient_direction=&#8220;left_to_right&#8220; shape_divider_position=&#8220;bottom&#8220; bg_image_animation=&#8220;none&#8220; shape_type=&#8220;&#8220; gradient_type=&#8220;default&#8220;][vc_column column_padding=&#8220;no-extra-padding&#8220; column_padding_tablet=&#8220;inherit&#8220; column_padding_phone=&#8220;inherit&#8220; column_padding_position=&#8220;all&#8220; column_element_direction_desktop=&#8220;default&#8220; column_element_spacing=&#8220;default&#8220; desktop_text_alignment=&#8220;default&#8220; tablet_text_alignment=&#8220;default&#8220; phone_text_alignment=&#8220;default&#8220; background_color_opacity=&#8220;1&#8243; background_hover_color_opacity=&#8220;1&#8243; column_backdrop_filter=&#8220;none&#8220; column_shadow=&#8220;none&#8220; column_border_radius=&#8220;none&#8220; column_link_target=&#8220;_self&#8220; column_position=&#8220;default&#8220; advanced_gradient_angle=&#8220;0&#8243; gradient_direction=&#8220;left_to_right&#8220; overlay_strength=&#8220;0.3&#8243; width=&#8220;1\/2&#8243; tablet_width_inherit=&#8220;default&#8220; animation_type=&#8220;default&#8220; bg_image_animation=&#8220;none&#8220; border_type=&#8220;simple&#8220; column_border_width=&#8220;none&#8220; column_border_style=&#8220;solid&#8220; gradient_type=&#8220;default&#8220;][vc_row_inner column_margin=&#8220;default&#8220; column_direction=&#8220;default&#8220; column_direction_tablet=&#8220;default&#8220; column_direction_phone=&#8220;default&#8220; text_align=&#8220;left&#8220; row_position=&#8220;default&#8220; row_position_tablet=&#8220;inherit&#8220; row_position_phone=&#8220;inherit&#8220; overflow=&#8220;visible&#8220; pointer_events=&#8220;all&#8220;][vc_column_inner column_padding=&#8220;padding-2-percent&#8220; column_padding_tablet=&#8220;inherit&#8220; column_padding_phone=&#8220;inherit&#8220; column_padding_position=&#8220;all&#8220; column_element_direction_desktop=&#8220;default&#8220; column_element_spacing=&#8220;default&#8220; desktop_text_alignment=&#8220;default&#8220; tablet_text_alignment=&#8220;default&#8220; phone_text_alignment=&#8220;default&#8220; background_color_opacity=&#8220;1&#8243; background_hover_color_opacity=&#8220;1&#8243; column_backdrop_filter=&#8220;none&#8220; column_shadow=&#8220;none&#8220; column_border_radius=&#8220;none&#8220; column_link_target=&#8220;_self&#8220; overflow=&#8220;visible&#8220; gradient_direction=&#8220;left_to_right&#8220; overlay_strength=&#8220;0.3&#8243; width=&#8220;1\/1&#8243; tablet_width_inherit=&#8220;default&#8220; animation_type=&#8220;default&#8220; bg_image_animation=&#8220;none&#8220; border_type=&#8220;simple&#8220; column_border_width=&#8220;none&#8220; column_border_style=&#8220;solid&#8220;][vc_column_text text_direction=&#8220;default&#8220;]Die Sonnenschutzfolien erm\u00f6glichen es, den Treibhauseffekt in Geb\u00e4uden zu reduzieren, die Fenster zu sichern, die Privatsph\u00e4re schnell und effektiv zu gew\u00e4hrleisten, ohne Unannehmlichkeiten zu verursachen und ohne die Produktivit\u00e4t zu beeintr\u00e4chtigen.[\/vc_column_text]<div class=\"nectar-fancy-ul\" data-list-icon=\"icon-salient-thin-line\" data-animation=\"false\" data-animation-delay=\"0\" data-color=\"accent-color\" data-spacing=\"default\" data-alignment=\"left\"> \n<ul>\n<li>\n<p><strong>Kostenlose Vor-Ort-Besichtigung<\/strong>: Schnelle Bearbeitungszeiten f\u00fcr technisch-energetische Analyse von Fenstern, Dachfenstern und D\u00e4chern, Sicherheitsanalyse von Fenstern.<\/p>\n<\/li>\n<li>\n<p><strong>Kostenloser Kostenvoranschlag<\/strong>: Vorschl\u00e4ge mit langlebigen Produkten, die von unseren spezialisierten lokalen technischen Beratern individuell f\u00fcr Sie ausgew\u00e4hlt wurden.<\/p>\n<\/li>\n<li>\n<p><strong>Sparberechnung<\/strong>: Durch die Verwendung von Datenloggern gestalten wir, um den Bedarf an schneller Kapitalrendite zu erf\u00fcllen (R.O.I.).<\/p>\n<\/li>\n<li>\n<p><strong>Installation in ganz Italien<\/strong>: 5 physische Standorte in Trento, Mailand, Venedig, Florenz, Rom. Agenturen in Apulien und Sardinien, 25 angestellte Installateure. 10 bis 15 Jahre<\/p>\n<\/li>\n<li>\n<p><strong>Garantie<\/strong>: Serisolar ist das einzige Unternehmen, das eine Garantie von bis zu 15 Jahren sowohl vom Hersteller f\u00fcr das Produkt als auch f\u00fcr die Installation bietet.<\/p>\n<\/li>\n<\/ul>\n <\/div>[\/vc_column_inner][\/vc_row_inner][\/vc_column][vc_column column_padding=&#8220;padding-5-percent&#8220; column_padding_tablet=&#8220;inherit&#8220; column_padding_phone=&#8220;padding-5-percent&#8220; column_padding_position=&#8220;all&#8220; bottom_margin=&#8220;20px&#8220; translate_y=&#8220;-20%&#8220; translate_y_tablet=&#8220;0&#8243; translate_y_phone=&#8220;-5%&#8220; column_element_direction_desktop=&#8220;default&#8220; column_element_spacing=&#8220;default&#8220; desktop_text_alignment=&#8220;default&#8220; tablet_text_alignment=&#8220;default&#8220; phone_text_alignment=&#8220;default&#8220; background_color=&#8220;#ffffff&#8220; background_color_opacity=&#8220;1&#8243; background_hover_color_opacity=&#8220;1&#8243; column_backdrop_filter=&#8220;none&#8220; column_shadow=&#8220;large_depth&#8220; column_border_radius=&#8220;none&#8220; column_link_target=&#8220;_self&#8220; column_position=&#8220;default&#8220; advanced_gradient_angle=&#8220;0&#8243; gradient_direction=&#8220;left_to_right&#8220; overlay_strength=&#8220;0.3&#8243; width=&#8220;1\/2&#8243; tablet_width_inherit=&#8220;default&#8220; animation_type=&#8220;default&#8220; bg_image_animation=&#8220;none&#8220; border_type=&#8220;simple&#8220; column_border_width=&#8220;none&#8220; column_border_style=&#8220;solid&#8220; gradient_type=&#8220;default&#8220; column_padding_type=&#8220;default&#8220;][vc_raw_html css=&#8220;&#8220;]JTNDJTIxLS0lMjAlMjAtLS0tLS0tLS0tLS0tLS0tLS0tLS0tLS0tLS0tLS0tLS0tLS0tLS0tLS0tLS0tLS0tLS0tLS0tLS0tLS0tLS0tLS0tLS0tJTIwJTIwLS0lM0UlMEElM0MlMjEtLSUyMCUyMEhJTldFSVMlM0ElMjBGJUMzJUJDZ2VuJTIwU2llJTIwZGFzJTIwZm9sZ2VuZGUlMjAlM0NNRVRBJTNFLUVsZW1lbnQlMjBpbiUyMGRlbiUyMCUzQ0hFQUQlM0UtQmVyZWljaCUyMCUyMCUyMC0tJTNFJTBBJTNDJTIxLS0lMjAlMjBkZXIlMjBTZWl0ZSUyMGVpbi4lMjBCZWklMjBCZWRhcmYlMjBwYXNzZW4lMjBTaWUlMjBkZW4lMjBaZWljaGVuc2F0eiUyMGFuLiUyMCUyMCUyMCUyMCUyMCUyMCUyMCUyMCUyMCUyMCUyMCUyMCUyMCUyMCUyMC0tJTNFJTBBJTNDJTIxLS0lMjAlMjAtLS0tLS0tLS0tLS0tLS0tLS0tLS0tLS0tLS0tLS0tLS0tLS0tLS0tLS0tLS0tLS0tLS0tLS0tLS0tLS0tLS0tLS0tLS0tJTIwJTIwLS0lM0UlMEElM0NNRVRBJTIwSFRUUC1FUVVJViUzRCUyMkNvbnRlbnQtdHlwZSUyMiUyMENPTlRFTlQlM0QlMjJ0ZXh0JTJGaHRtbCUzQiUyMGNoYXJzZXQlM0RVVEYtOCUyMiUzRSUwQSUzQ3NjcmlwdCUyMHNyYyUzRCUyMmh0dHBzJTNBJTJGJTJGd3d3Lmdvb2dsZS5jb20lMkZyZWNhcHRjaGElMkZhcGkuanMlMjIlM0UlM0MlMkZzY3JpcHQlM0UlMEElM0NzY3JpcHQlM0UlMEElMjBmdW5jdGlvbiUyMHRpbWVzdGFtcCUyOCUyOSUyMCU3QiUyMHZhciUyMHJlc3BvbnNlJTIwJTNEJTIwZG9jdW1lbnQuZ2V0RWxlbWVudEJ5SWQlMjglMjJnLXJlY2FwdGNoYS1yZXNwb25zZSUyMiUyOSUzQiUyMGlmJTIwJTI4cmVzcG9uc2UlMjAlM0QlM0QlMjBudWxsJTIwJTdDJTdDJTIwcmVzcG9uc2UudmFsdWUudHJpbSUyOCUyOSUyMCUzRCUzRCUyMCUyMiUyMiUyOSUyMCU3QnZhciUyMGVsZW1zJTIwJTNEJTIwSlNPTi5wYXJzZSUyOGRvY3VtZW50LmdldEVsZW1lbnRzQnlOYW1lJTI4JTIyY2FwdGNoYV9zZXR0aW5ncyUyMiUyOSU1QjAlNUQudmFsdWUlMjklM0JlbGVtcyU1QiUyMnRzJTIyJTVEJTIwJTNEJTIwSlNPTi5zdHJpbmdpZnklMjhuZXclMjBEYXRlJTI4JTI5LmdldFRpbWUlMjglMjklMjklM0Jkb2N1bWVudC5nZXRFbGVtZW50c0J5TmFtZSUyOCUyMmNhcHRjaGFfc2V0dGluZ3MlMjIlMjklNUIwJTVELnZhbHVlJTIwJTNEJTIwSlNPTi5zdHJpbmdpZnklMjhlbGVtcyUyOSUzQiUyMCU3RCUyMCU3RCUyMHNldEludGVydmFsJTI4dGltZXN0YW1wJTJDJTIwNTAwJTI5JTNCJTBBJTNDJTJGc2NyaXB0JTNFJTBBJTBBJTNDJTIxLS0lMjAlMjAtLS0tLS0tLS0tLS0tLS0tLS0tLS0tLS0tLS0tLS0tLS0tLS0tLS0tLS0tLS0tLS0tLS0tLS0tLS0tLS0tLS0tLS0tLS0tJTIwJTIwLS0lM0UlMEElM0MlMjEtLSUyMCUyMEhJTldFSVMlM0ElMjBGJUMzJUJDZ2VuJTIwU2llJTIwZGFzJTIwZm9sZ2VuZGUlMjAlM0NGT1JNJTNFLUVsZW1lbnQlMjBhdWYlMjBkZXIlMjBTZWl0ZSUyMGVpbi4lMjAlMjAlMjAlMjAlMjAlMjAtLSUzRSUwQSUzQyUyMS0tJTIwJTIwLS0tLS0tLS0tLS0tLS0tLS0tLS0tLS0tLS0tLS0tLS0tLS0tLS0tLS0tLS0tLS0tLS0tLS0tLS0tLS0tLS0tLS0tLS0tLSUyMCUyMC0tJTNFJTBBJTBBJTNDZm9ybSUyMGFjdGlvbiUzRCUyMmh0dHBzJTNBJTJGJTJGd2VidG8uc2FsZXNmb3JjZS5jb20lMkZzZXJ2bGV0JTJGc2VydmxldC5XZWJUb0xlYWQlM0ZlbmNvZGluZyUzRFVURi04JTI2b3JnSWQlM0QwMERKNjAwMDAwMEtnMkQlMjIlMjBtZXRob2QlM0QlMjJQT1NUJTIyJTNFJTBBJTBBJTNDaW5wdXQlMjB0eXBlJTNEaGlkZGVuJTIwbmFtZSUzRCUyN2NhcHRjaGFfc2V0dGluZ3MlMjclMjB2YWx1ZSUzRCUyNyU3QiUyMmtleW5hbWUlMjIlM0ElMjJzZXJpJTIyJTJDJTIyZmFsbGJhY2slMjIlM0ElMjJ0cnVlJTIyJTJDJTIyb3JnSWQlMjIlM0ElMjIwMERKNjAwMDAwMEtnMkQlMjIlMkMlMjJ0cyUyMiUzQSUyMiUyMiU3RCUyNyUzRSUwQSUzQ2lucHV0JTIwdHlwZSUzRGhpZGRlbiUyMG5hbWUlM0QlMjJvaWQlMjIlMjB2YWx1ZSUzRCUyMjAwREo2MDAwMDAwS2cyRCUyMiUzRSUwQSUzQ2lucHV0JTIwdHlwZSUzRGhpZGRlbiUyMG5hbWUlM0QlMjJyZXRVUkwlMjIlMjB2YWx1ZSUzRCUyMmh0dHBzJTNBJTJGJTJGc2VyaXNvbGFyLmNvbSUyMiUzRSUwQSUwQSUzQyUyMS0tJTIwJTIwLS0tLS0tLS0tLS0tLS0tLS0tLS0tLS0tLS0tLS0tLS0tLS0tLS0tLS0tLS0tLS0tLS0tLS0tLS0tLS0tLS0tLS0tLS0tLSUyMCUyMC0tJTNFJTBBJTNDJTIxLS0lMjAlMjBISU5XRUlTJTNBJTIwRGllJTIwZm9sZ2VuZGVuJTIwRmVsZGVyJTIwc2luZCUyMG9wdGlvbmFsZSUyMERlYnVnLUVsZW1lbnRlLiUyMEVudGZlcm5lbiUyMCUyMC0tJTNFJTBBJTNDJTIxLS0lMjAlMjBTaWUlMjBkaWUlMjBLb21tZW50YXJ6ZWljaGVuJTJDJTIwdW0lMjBlaW5lbiUyMERlYnVnLVRlc3QlMjBhdXN6dWYlQzMlQkNocmVuLiUyMCUyMCUyMCUyMCUyMCUyMCUyMCUyMCUyMCUyMCUyMCUyMCUyMCUyMC0tJTNFJTBBJTNDJTIxLS0lMjAlMjAlM0NpbnB1dCUyMHR5cGUlM0QlMjJoaWRkZW4lMjIlMjBuYW1lJTNEJTIyZGVidWclMjIlMjB2YWx1ZSUzRDElM0UlMjAlMjAlMjAlMjAlMjAlMjAlMjAlMjAlMjAlMjAlMjAlMjAlMjAlMjAlMjAlMjAlMjAlMjAlMjAlMjAlMjAlMjAlMjAlMjAlMjAlMjAlMjAlMjAlMjAlMjAtLSUzRSUwQSUzQyUyMS0tJTIwJTIwJTNDaW5wdXQlMjB0eXBlJTNEJTIyaGlkZGVuJTIyJTIwbmFtZSUzRCUyMmRlYnVnRW1haWwlMjIlMjB2YWx1ZSUzRCUyMm1hdHRpYS5zJTQwZW9jLnZpc2lvbiUyMiUzRSUyMCUyMCUyMCUyMCUyMC0tJTNFJTBBJTNDJTIxLS0lMjAlMjAtLS0tLS0tLS0tLS0tLS0tLS0tLS0tLS0tLS0tLS0tLS0tLS0tLS0tLS0tLS0tLS0tLS0tLS0tLS0tLS0tLS0tLS0tLS0tJTIwJTIwLS0lM0UlMEElMEElM0NsYWJlbCUyMGZvciUzRCUyMmZpcnN0X25hbWUlMjIlM0VWb3JuYW1lJTNDJTJGbGFiZWwlM0UlM0NpbnB1dCUyMCUyMGlkJTNEJTIyZmlyc3RfbmFtZSUyMiUyMG1heGxlbmd0aCUzRCUyMjQwJTIyJTIwbmFtZSUzRCUyMmZpcnN0X25hbWUlMjIlMjBzaXplJTNEJTIyMjAlMjIlMjB0eXBlJTNEJTIydGV4dCUyMiUyMCUyRiUzRSUzQ2JyJTNFJTBBJTBBJTNDbGFiZWwlMjBmb3IlM0QlMjJsYXN0X25hbWUlMjIlM0VOYWNobmFtZSUzQyUyRmxhYmVsJTNFJTNDaW5wdXQlMjAlMjBpZCUzRCUyMmxhc3RfbmFtZSUyMiUyMG1heGxlbmd0aCUzRCUyMjgwJTIyJTIwbmFtZSUzRCUyMmxhc3RfbmFtZSUyMiUyMHNpemUlM0QlMjIyMCUyMiUyMHR5cGUlM0QlMjJ0ZXh0JTIyJTIwJTJGJTNFJTNDYnIlM0UlMEElMEElM0NsYWJlbCUyMGZvciUzRCUyMm1vYmlsZSUyMiUzRUhhbmR5JTNDJTJGbGFiZWwlM0UlM0NpbnB1dCUyMCUyMGlkJTNEJTIybW9iaWxlJTIyJTIwbWF4bGVuZ3RoJTNEJTIyNDAlMjIlMjBuYW1lJTNEJTIybW9iaWxlJTIyJTIwc2l6ZSUzRCUyMjIwJTIyJTIwdHlwZSUzRCUyMnRleHQlMjIlMjAlMkYlM0UlM0NiciUzRSUwQSUwQSUzQ2xhYmVsJTIwZm9yJTNEJTIycGhvbmUlMjIlM0VUZWxlZm9uJTNDJTJGbGFiZWwlM0UlM0NpbnB1dCUyMCUyMGlkJTNEJTIycGhvbmUlMjIlMjBtYXhsZW5ndGglM0QlMjI0MCUyMiUyMG5hbWUlM0QlMjJwaG9uZSUyMiUyMHNpemUlM0QlMjIyMCUyMiUyMHR5cGUlM0QlMjJ0ZXh0JTIyJTIwJTJGJTNFJTNDYnIlM0UlMEElMEElM0NsYWJlbCUyMGZvciUzRCUyMmVtYWlsJTIyJTNFRS1NYWlsJTNDJTJGbGFiZWwlM0UlM0NpbnB1dCUyMCUyMGlkJTNEJTIyZW1haWwlMjIlMjBtYXhsZW5ndGglM0QlMjI4MCUyMiUyMG5hbWUlM0QlMjJlbWFpbCUyMiUyMHNpemUlM0QlMjIyMCUyMiUyMHR5cGUlM0QlMjJ0ZXh0JTIyJTIwJTJGJTNFJTNDYnIlM0UlMEElMEElM0NsYWJlbCUyMGZvciUzRCUyMmNvbXBhbnklMjIlM0VGaXJtYSUzQyUyRmxhYmVsJTNFJTNDaW5wdXQlMjAlMjBpZCUzRCUyMmNvbXBhbnklMjIlMjBtYXhsZW5ndGglM0QlMjI0MCUyMiUyMG5hbWUlM0QlMjJjb21wYW55JTIyJTIwc2l6ZSUzRCUyMjIwJTIyJTIwdHlwZSUzRCUyMnRleHQlMjIlMjAlMkYlM0UlM0NiciUzRSUwQSUwQSUzQ2xhYmVsJTIwZm9yJTNEJTIyY2l0eSUyMiUzRVN0YWR0JTNDJTJGbGFiZWwlM0UlM0NpbnB1dCUyMCUyMGlkJTNEJTIyY2l0eSUyMiUyMG1heGxlbmd0aCUzRCUyMjQwJTIyJTIwbmFtZSUzRCUyMmNpdHklMjIlMjBzaXplJTNEJTIyMjAlMjIlMjB0eXBlJTNEJTIydGV4dCUyMiUyMCUyRiUzRSUzQ2JyJTNFJTBBJTBBJTNDbGFiZWwlMjBmb3IlM0QlMjJzdGF0ZSUyMiUzRUJ1bmRlc2xhbmQlMkZQcm92aW56JTNDJTJGbGFiZWwlM0UlM0NpbnB1dCUyMCUyMGlkJTNEJTIyc3RhdGUlMjIlMjBtYXhsZW5ndGglM0QlMjIyMCUyMiUyMG5hbWUlM0QlMjJzdGF0ZSUyMiUyMHNpemUlM0QlMjIyMCUyMiUyMHR5cGUlM0QlMjJ0ZXh0JTIyJTIwJTJGJTNFJTNDYnIlM0UlMEElMEFBbmZyYWdlJTNBJTNDdGV4dGFyZWElMjAlMjBpZCUzRCUyMjAwTko2MDAwMDBDT2ZrcSUyMiUyMG5hbWUlM0QlMjIwME5KNjAwMDAwQ09ma3ElMjIlMjByb3dzJTNEJTIyMyUyMiUyMHR5cGUlM0QlMjJ0ZXh0JTIyJTIwd3JhcCUzRCUyMnNvZnQlMjIlM0UlM0MlMkZ0ZXh0YXJlYSUzRSUzQ2JyJTNFJTBBJTBBRGF0ZW5zY2h1dHotRWlud2lsbGlndW5nJTNBJTNDaW5wdXQlMjAlMjBpZCUzRCUyMjAwTko2MDAwMDBDUDBmTSUyMiUyMG5hbWUlM0QlMjIwME5KNjAwMDAwQ1AwZk0lMjIlMjB0eXBlJTNEJTIyY2hlY2tib3glMjIlMjB2YWx1ZSUzRCUyMjElMjIlMjAlMkYlM0UlMjBJY2glMjBoYWJlJTIwZGllJTIwJTNDYSUyMGhyZWYlM0QlMjJodHRwcyUzQSUyRiUyRnNlcmlzb2xhci5jb20lMkZwcml2YWN5LXBvbGljeSUyRiUyMiUyMHRhcmdldCUzRCUyMl9ibGFuayUyMiUzRURhdGVuc2NodXR6ZXJrbCVDMyVBNHJ1bmclM0MlMkZhJTNFJTIwZ2VsZXNlbiUyMHVuZCUyMGFremVwdGllcmUlMjBzaWUuJTNDYnIlM0UlMEElMEElM0NkaXYlMjBjbGFzcyUzRCUyMmctcmVjYXB0Y2hhJTIyJTIwZGF0YS1zaXRla2V5JTNEJTIyNkxlbDNEc3JBQUFBQUxPRzlEVVd1WlpKS3ZicG5ET3JvVjY3ZVlLVSUyMiUzRSUzQyUyRmRpdiUzRSUzQ2JyJTNFJTBBJTNDaW5wdXQlMjB0eXBlJTNEJTIyc3VibWl0JTIyJTIwbmFtZSUzRCUyMnN1Ym1pdCUyMiUyMHZhbHVlJTNEJTIyQWJzZW5kZW4lMjIlM0UlMEElMEElM0MlMkZmb3JtJTNFJTBB[\/vc_raw_html][\/vc_column][\/vc_row][vc_row type=&#8220;full_width_content&#8220; full_screen_row_position=&#8220;middle&#8220; column_margin=&#8220;default&#8220; column_direction=&#8220;default&#8220; column_direction_tablet=&#8220;default&#8220; column_direction_phone=&#8220;default&#8220; scene_position=&#8220;center&#8220; text_color=&#8220;dark&#8220; text_align=&#8220;left&#8220; row_border_radius=&#8220;none&#8220; row_border_radius_applies=&#8220;bg&#8220; overflow=&#8220;visible&#8220; advanced_gradient_angle=&#8220;0&#8243; overlay_strength=&#8220;0.3&#8243; gradient_direction=&#8220;left_to_right&#8220; shape_divider_position=&#8220;bottom&#8220; bg_image_animation=&#8220;none&#8220; gradient_type=&#8220;default&#8220; shape_type=&#8220;&#8220;][vc_column column_padding=&#8220;no-extra-padding&#8220; column_padding_tablet=&#8220;inherit&#8220; column_padding_phone=&#8220;inherit&#8220; column_padding_position=&#8220;all&#8220; column_element_direction_desktop=&#8220;default&#8220; column_element_spacing=&#8220;default&#8220; desktop_text_alignment=&#8220;default&#8220; tablet_text_alignment=&#8220;default&#8220; phone_text_alignment=&#8220;default&#8220; background_color_opacity=&#8220;1&#8243; background_hover_color_opacity=&#8220;1&#8243; column_backdrop_filter=&#8220;none&#8220; column_shadow=&#8220;none&#8220; column_border_radius=&#8220;none&#8220; column_link_target=&#8220;_self&#8220; column_position=&#8220;default&#8220; gradient_direction=&#8220;left_to_right&#8220; overlay_strength=&#8220;0.3&#8243; width=&#8220;1\/1&#8243; tablet_width_inherit=&#8220;default&#8220; animation_type=&#8220;default&#8220; bg_image_animation=&#8220;none&#8220; border_type=&#8220;simple&#8220; column_border_width=&#8220;none&#8220; column_border_style=&#8220;solid&#8220;][vc_raw_html]JTNDaWZyYW1lJTIwc3JjJTNEJTIyaHR0cHMlM0ElMkYlMkZ3d3cuZ29vZ2xlLmNvbSUyRm1hcHMlMkZlbWJlZCUzRnBiJTNEJTIxMW0xOCUyMTFtMTIlMjExbTMlMjExZDI3NjUuNTQ4NDU1MDkxMDA3JTIxMmQxMS4wODY0Mjg2MTI5ODQ1NTUlMjEzZDQ2LjExOTkwMzg4OTMyODc5JTIxMm0zJTIxMWYwJTIxMmYwJTIxM2YwJTIxM20yJTIxMWkxMDI0JTIxMmk3NjglMjE0ZjEzLjElMjEzbTMlMjExbTIlMjExczB4NDc4MjcwNjQ4MjM3YjZkMSUyNTNBMHhlNTVmMTliZjA4ZjIzM2E1JTIxMnNTZXJpc29sYXIlMjUyMFNybCUyNTIwLSUyNTIwUGVsbGljb2xlJTI1MjBwZXIlMjUyMFZldHJpJTIxNWUwJTIxM20yJTIxMXNpdCUyMTJzaXQlMjE0djE3MDY3ODQ1NzE3NzklMjE1bTIlMjExc2l0JTIxMnNpdCUyMiUyMHdpZHRoJTNEJTIyMTAwJTI1JTIyJTIwaGVpZ2h0JTNEJTIyNTUwJTIyJTIwc3R5bGUlM0QlMjJib3JkZXIlM0EwJTNCJTIyJTIwYWxsb3dmdWxsc2NyZWVuJTNEJTIyJTIyJTIwbG9hZGluZyUzRCUyMmxhenklMjIlMjByZWZlcnJlcnBvbGljeSUzRCUyMm5vLXJlZmVycmVyLXdoZW4tZG93bmdyYWRlJTIyJTNFJTNDJTJGaWZyYW1lJTNF[\/vc_raw_html][\/vc_column][\/vc_row]\n","protected":false},"excerpt":{"rendered":"<p>[vc_row type=&#8220;full_width_content&#8220; full_screen_row_position=&#8220;middle&#8220; column_margin=&#8220;default&#8220; column_direction=&#8220;default&#8220; column_direction_tablet=&#8220;default&#8220; column_direction_phone=&#8220;default&#8220; bg_image=&#8220;2378&#8243; bg_position=&#8220;center center&#8220; background_image_loading=&#8220;default&#8220; bg_repeat=&#8220;no-repeat&#8220; scene_position=&#8220;center&#8220; top_padding=&#8220;20%&#8220; bottom_padding=&#8220;5%&#8220; top_padding_phone=&#8220;35%&#8220; bottom_padding_phone=&#8220;10%&#8220; text_color=&#8220;light&#8220; text_align=&#8220;left&#8220; row_border_radius=&#8220;none&#8220; row_border_radius_applies=&#8220;bg&#8220; overflow=&#8220;visible&#8220; enable_gradient=&#8220;true&#8220; color_overlay=&#8220;#333333&#8243; advanced_gradient_angle=&#8220;0&#8243; overlay_strength=&#8220;0.5&#8243; gradient_direction=&#8220;left_to_right&#8220; shape_divider_position=&#8220;bottom&#8220; bg_image_animation=&#8220;none&#8220; shape_type=&#8220;&#8220; gradient_type=&#8220;default&#8220;][vc_column column_padding=&#8220;padding-5-percent&#8220;&#8230;<\/p>\n","protected":false},"author":1,"featured_media":0,"parent":0,"menu_order":0,"comment_status":"closed","ping_status":"closed","template":"","meta":{"_acf_changed":false,"footnotes":""},"class_list":["post-3362","page","type-page","status-publish"],"acf":[],"_links":{"self":[{"href":"https:\/\/serisolar.com\/de\/wp-json\/wp\/v2\/pages\/3362","targetHints":{"allow":["GET"]}}],"collection":[{"href":"https:\/\/serisolar.com\/de\/wp-json\/wp\/v2\/pages"}],"about":[{"href":"https:\/\/serisolar.com\/de\/wp-json\/wp\/v2\/types\/page"}],"author":[{"embeddable":true,"href":"https:\/\/serisolar.com\/de\/wp-json\/wp\/v2\/users\/1"}],"replies":[{"embeddable":true,"href":"https:\/\/serisolar.com\/de\/wp-json\/wp\/v2\/comments?post=3362"}],"version-history":[{"count":0,"href":"https:\/\/serisolar.com\/de\/wp-json\/wp\/v2\/pages\/3362\/revisions"}],"wp:attachment":[{"href":"https:\/\/serisolar.com\/de\/wp-json\/wp\/v2\/media?parent=3362"}],"curies":[{"name":"wp","href":"https:\/\/api.w.org\/{rel}","templated":true}]}}