{"id":3448,"date":"2023-10-02T10:48:21","date_gmt":"2023-10-02T10:48:21","guid":{"rendered":"https:\/\/serisolar.com\/privacy-policy\/"},"modified":"2024-02-16T17:49:14","modified_gmt":"2024-02-16T17:49:14","slug":"privacy-policy","status":"publish","type":"page","link":"https:\/\/serisolar.com\/de\/privacy-policy\/","title":{"rendered":"Privacy Policy"},"content":{"rendered":"<div class=\"container main-content\" role=\"main\">\n<div class=\"row\">\n<p>Datenschutzerkl\u00e4rung gem\u00e4\u00df Artikel 13 der Verordnung (EU) 2016\/679<\/p>\n<p>Im Einklang mit den Grunds\u00e4tzen von Rechtm\u00e4\u00dfigkeit, Fairness, Transparenz, Schutz der Privatsph\u00e4re und der Rechte der betroffenen Person in Bezug auf die Verarbeitung ihrer Daten gem\u00e4\u00df Artikel 13 der Verordnung (EU) 2016\/679 (im Folgenden \u201eDSGVO\u201c) werden auf dieser Seite die Verarbeitungsmodalit\u00e4ten personenbezogener Daten von Benutzern beschrieben, die die Website von SERISOLAR S.R.L. (im Folgenden \u201eVerantwortlicher\u201c) unter der folgenden Adresse im Internet konsultieren:<\/p>\n<p><a href=\"http:\/\/www.serisolar.com\/\" target=\"_blank\" rel=\"noopener\">www.serisolar.com<\/a><\/p>\n<p>Diese Informationen beziehen sich nicht auf andere Websites, Seiten oder Online-Dienste, die \u00fcber Hypertext-Links m\u00f6glicherweise auf der Website ver\u00f6ffentlicht, jedoch auf Ressourcen au\u00dferhalb des Dom\u00e4nenbereichs von SERISOLAR S.R.L. verweisen.<\/p>\n<p>VERANTWORTLICHER F\u00dcR DIE DATENVERARBEITUNG<\/p>\n<p>Der Verantwortliche f\u00fcr die Datenverarbeitung ist SERISOLAR S.R.L., mit Sitz in Via Kempten, 28 \u2013 38121 Trento (TN), E-Mail: <a>info@serisolar.com<\/a>, PEC: <a>amm@pec.serisolarsrl.com<\/a>, Telefon +39 0461\/950065.<\/p>\n<p>DATENSCHUTZBEAUFTRAGTER<\/p>\n<p>Der gem\u00e4\u00df Artikel 37 der Verordnung 2016\/679 benannte Datenschutzbeauftragte kann unter der folgenden E-Mail-Adresse kontaktiert werden: <a>dpo@studiogadler.it<\/a> oder unter der folgenden Telefonnummer +39. 0461.512522.<\/p>\n<p>ZWECKE DER DATENVERARBEITUNG<\/p>\n<p>Insbesondere werden die Daten zu folgenden Zwecken verarbeitet:<\/p>\n<p>Erweiterte Navigation oder Verwaltung von personalisierten Inhalten;<\/p>\n<p>Beantwortung einer ausdr\u00fccklich an die Kontaktdaten auf der Website gesendeten Anfrage;<\/p>\n<p>Verwaltung des eingegangenen Vertragsverh\u00e4ltnisses und damit verbundene Verpflichtungen;<\/p>\n<p>Verwaltung administrativer und buchhalterischer Angelegenheiten;<\/p>\n<p>Versenden von elektronischen Mitteilungen (Newsletter) mit informativem und\/oder kommerziellem Inhalt;<\/p>\n<p>Erf\u00fcllung gesetzlicher und\/oder beh\u00f6rdlicher Verpflichtungen oder Beantwortung von Anfragen von Sicherheits- und\/oder Justizbeh\u00f6rden;<\/p>\n<p>Feststellung, Aus\u00fcbung oder Verteidigung eines Rechts des Verantwortlichen vor Gericht oder wann immer die Gerichtsbeh\u00f6rden ihre richterlichen Funktionen aus\u00fcben;<\/p>\n<p>Statistische Forschung\/Analyse von aggregierten oder anonymen Daten, ohne dass die M\u00f6glichkeit besteht, den Benutzer zu identifizieren, um die Funktionsweise der Website zu messen, den Datenverkehr zu messen und das Interesse an der Website zu bewerten;<\/p>\n<p>Aus\u00fcbung der Rechte des Verantwortlichen f\u00fcr die Datenverarbeitung (z. B. Recht auf Verteidigung vor Gericht).<\/p>\n<p>RECHTSGRUNDLAGE DER DATENVERARBEITUNG<\/p>\n<p>Die auf dieser Seite angegebenen personenbezogenen Daten werden ausschlie\u00dflich zum Zweck der Bereitstellung des angeforderten Dienstes (Angebotanfrage senden) und auf der Grundlage des berechtigten Interesses des Datenverantwortlichen und der ausdr\u00fccklichen Einwilligung der betroffenen Person im Hinblick auf die Anmeldung zum Newsletter verarbeitet.<\/p>\n<p>ARTEN VON VERARBEITETEN DATEN UND ZWECK DER VERARBEITUNG<\/p>\n<p>Navigationsdaten<\/p>\n<p>Die f\u00fcr den Betrieb dieser Website zust\u00e4ndigen Computersysteme und Softwareanwendungen erfassen im Rahmen ihres normalen Betriebs einige personenbezogene Daten, deren \u00dcbertragung bei der Verwendung der Internetkommunikationsprotokolle implizit erfolgt.<\/p>\n<p>Zu diesen Daten geh\u00f6ren IP-Adressen oder Domain-Namen der Computer, die von Benutzern verwendet werden, die mit der Website verbunden sind, URI (Uniform Resource Identifier) -Adressen der angeforderten Ressourcen, Zeitpunkt der Anforderung, Methode, die bei der Einreichung der Anforderung an den Server verwendet wird, Gr\u00f6\u00dfe der als Antwort erhaltenen Datei, numerischer Code, der den Status der Antwort des Servers angibt (erfolgreich, Fehler usw.), und andere Parameter im Zusammenhang mit dem Betriebssystem und der IT-Umgebung des Benutzers. Diese Daten werden ausschlie\u00dflich verwendet, um die ordnungsgem\u00e4\u00dfe Funktion der Website zu \u00fcberpr\u00fcfen.<\/p>\n<p>Diese Daten, die f\u00fcr die Nutzung der Webdienste erforderlich sind, werden auch zu folgenden Zwecken verarbeitet:<\/p>\n<p>Erhaltung statistischer Informationen \u00fcber die Nutzung der Dienste (meistbesuchte Seiten, Anzahl der Besucher pro Stunde oder Tag, geografische Herkunftsbereiche usw.);<\/p>\n<p>\u00dcberwachung des ordnungsgem\u00e4\u00dfen Betriebs der angebotenen Dienste.<\/p>\n<p>Die fakultative, ausdr\u00fcckliche und freiwillige \u00dcbermittlung von Nachrichten an die Kontaktadressen von SERISOLAR S.R.L. f\u00fchrt zur Erfassung der Kontaktdaten des Absenders, die erforderlich sind, um zu antworten, sowie aller pers\u00f6nlichen Daten in den Mitteilungen enthalten sind.<\/p>\n<p>COOKIES UND ANDERE TRACKING-SYSTEME<\/p>\n<p>Es werden keine Cookies zur Profilierung von Benutzern verwendet, und es werden keine anderen Tracking-Methoden angewendet.<\/p>\n<p>DATENEMPF\u00c4NGER<\/p>\n<p>Die gesammelten personenbezogenen Daten k\u00f6nnen vom Personal von SERISOLAR S.R.L. verarbeitet werden, das auf der Grundlage spezifischer Anweisungen des Verantwortlichen hinsichtlich Zweck und Modalit\u00e4ten der Verarbeitung handelt, sowie von Personen, die als Verantwortliche f\u00fcr die Verarbeitung identifiziert wurden.<\/p>\n<p>ORT DER DATENVERARBEITUNG<\/p>\n<p>Personenbezogene Daten werden in der Regel innerhalb der Europ\u00e4ischen Union verarbeitet.<\/p>\n<p>Einige Anwendungen der vom Verantwortlichen verwendeten Dienste k\u00f6nnten jedoch die \u00dcbertragung personenbezogener Daten in die Vereinigten Staaten beinhalten. Diese Verarbeitung wird durch die Artikel 46 und\/oder 49 der Verordnung (EU) 2016\/679 legitimiert oder, falls erforderlich, durch die ausdr\u00fcckliche Einwilligung der Betroffenen.<\/p>\n<p>Falls erforderlich, beh\u00e4lt sich der Verantwortliche das Recht vor, die Standorte seiner EDV-Archive in andere L\u00e4nder au\u00dferhalb Europas zu verlagern, und stellt sicher, dass der Datentransfer au\u00dferhalb der EU sofort nur in L\u00e4nder erfolgt, die ein angemessenes Schutzniveau gem\u00e4\u00df den geltenden Vorschriften bieten.<\/p>\n<p>RECHTE DER BETROFFENEN PERSON IN BEZUG AUF DIE DATENVERARBEITUNG<\/p>\n<p>Gem\u00e4\u00df den Artikeln 15, 16, 17, 18, 19, 20, 21 und 77 der Verordnung (EU) informieren wir Sie, dass:<\/p>\n<p>Sie das Recht haben, Zugang zu den personenbezogenen Daten zu verlangen, deren Berichtigung, L\u00f6schung oder Einschr\u00e4nkung der Verarbeitung zu verlangen, sowie die \u00dcbertragung der eigenen Daten an einen anderen Verantwortlichen in den vorgesehenen F\u00e4llen;<\/p>\n<p>alle Berichtigungen, L\u00f6schungen oder Einschr\u00e4nkungen der Verarbeitung auf Anfrage des Betroffenen \u2013 sofern dies nicht unm\u00f6glich ist oder einen unverh\u00e4ltnism\u00e4\u00dfigen Aufwand erfordert \u2013 werden dem jeweiligen Empf\u00e4nger mitgeteilt, an den die personenbezogenen Daten \u00fcbermittelt wurden;<\/p>\n<p>Sie haben das Recht, Beschwerde bei der Datenschutzbeh\u00f6rde einzureichen, indem Sie die auf der offiziellen Website der Beh\u00f6rde unter <a href=\"http:\/\/www.garanteprivacy.it\/\" target=\"_blank\" rel=\"noopener\">www.garanteprivacy.it<\/a> ver\u00f6ffentlichten Verfahren und Richtlinien befolgen.<\/p>\n<p>Die Aus\u00fcbung der Rechte ist nicht an eine bestimmte Form gebunden und ist kostenlos.<\/p>\n<p>Stand der Information: 17.01.2022. Diese Aktualisierung erfolgt im Rahmen einer kontinuierlichen \u00dcberpr\u00fcfung der Informationen.<\/p>\n<\/div>\n<\/div>\n","protected":false},"excerpt":{"rendered":"<p>Datenschutzerkl\u00e4rung gem\u00e4\u00df Artikel 13 der Verordnung (EU) 2016\/679 Im Einklang mit den Grunds\u00e4tzen von Rechtm\u00e4\u00dfigkeit, Fairness, Transparenz, Schutz der Privatsph\u00e4re und der Rechte der betroffenen Person in Bezug auf die Verarbeitung ihrer&#8230;<\/p>\n","protected":false},"author":1,"featured_media":0,"parent":0,"menu_order":0,"comment_status":"closed","ping_status":"closed","template":"","meta":{"_acf_changed":false,"footnotes":""},"class_list":["post-3448","page","type-page","status-publish"],"acf":[],"_links":{"self":[{"href":"https:\/\/serisolar.com\/de\/wp-json\/wp\/v2\/pages\/3448","targetHints":{"allow":["GET"]}}],"collection":[{"href":"https:\/\/serisolar.com\/de\/wp-json\/wp\/v2\/pages"}],"about":[{"href":"https:\/\/serisolar.com\/de\/wp-json\/wp\/v2\/types\/page"}],"author":[{"embeddable":true,"href":"https:\/\/serisolar.com\/de\/wp-json\/wp\/v2\/users\/1"}],"replies":[{"embeddable":true,"href":"https:\/\/serisolar.com\/de\/wp-json\/wp\/v2\/comments?post=3448"}],"version-history":[{"count":0,"href":"https:\/\/serisolar.com\/de\/wp-json\/wp\/v2\/pages\/3448\/revisions"}],"wp:attachment":[{"href":"https:\/\/serisolar.com\/de\/wp-json\/wp\/v2\/media?parent=3448"}],"curies":[{"name":"wp","href":"https:\/\/api.w.org\/{rel}","templated":true}]}}