{"id":15177,"date":"2023-10-02T10:48:21","date_gmt":"2023-10-02T10:48:21","guid":{"rendered":"https:\/\/serisolar.com\/privacy-policy\/"},"modified":"2025-11-21T14:55:35","modified_gmt":"2025-11-21T14:55:35","slug":"privacy-policy","status":"publish","type":"page","link":"https:\/\/serisolar.com\/es\/privacy-policy\/","title":{"rendered":"Privacy Policy"},"content":{"rendered":"[vc_row type=\u00bbin_container\u00bb full_screen_row_position=\u00bbmiddle\u00bb column_margin=\u00bbdefault\u00bb column_direction=\u00bbdefault\u00bb column_direction_tablet=\u00bbdefault\u00bb column_direction_phone=\u00bbdefault\u00bb scene_position=\u00bbcenter\u00bb text_color=\u00bbdark\u00bb text_align=\u00bbleft\u00bb row_border_radius=\u00bbnone\u00bb row_border_radius_applies=\u00bbbg\u00bb overflow=\u00bbvisible\u00bb overlay_strength=\u00bb0.3&#8243; gradient_direction=\u00bbleft_to_right\u00bb shape_divider_position=\u00bbbottom\u00bb bg_image_animation=\u00bbnone\u00bb][vc_column column_padding=\u00bbno-extra-padding\u00bb column_padding_tablet=\u00bbinherit\u00bb column_padding_phone=\u00bbinherit\u00bb column_padding_position=\u00bball\u00bb column_element_direction_desktop=\u00bbdefault\u00bb column_element_spacing=\u00bbdefault\u00bb desktop_text_alignment=\u00bbdefault\u00bb tablet_text_alignment=\u00bbdefault\u00bb phone_text_alignment=\u00bbdefault\u00bb background_color_opacity=\u00bb1&#8243; background_hover_color_opacity=\u00bb1&#8243; column_backdrop_filter=\u00bbnone\u00bb column_shadow=\u00bbnone\u00bb column_border_radius=\u00bbnone\u00bb column_link_target=\u00bb_self\u00bb column_position=\u00bbdefault\u00bb gradient_direction=\u00bbleft_to_right\u00bb overlay_strength=\u00bb0.3&#8243; width=\u00bb1\/1&#8243; tablet_width_inherit=\u00bbdefault\u00bb animation_type=\u00bbdefault\u00bb bg_image_animation=\u00bbnone\u00bb border_type=\u00bbsimple\u00bb column_border_width=\u00bbnone\u00bb column_border_style=\u00bbsolid\u00bb][vc_column_text css=\u00bb\u00bb text_direction=\u00bbdefault\u00bb]\n<h1 data-start=\"185\" data-end=\"306\"><strong data-start=\"187\" data-end=\"306\">INFORMACI\u00d3N SOBRE EL TRATAMIENTO DE LOS DATOS PERSONALES DE CONFORMIDAD CON EL ART. 13 DEL REGLAMENTO (UE) 2016\/679<\/strong><\/h1>\n<p data-start=\"308\" data-end=\"799\">En virtud de los principios de correcci\u00f3n, licitud, transparencia, protecci\u00f3n de la confidencialidad y de los derechos del interesado respecto al tratamiento de sus datos, y de conformidad con el art. 13 del Reglamento (UE) 2016\/679 (en adelante \u201cGDPR\u201d), en esta p\u00e1gina se describen las modalidades de tratamiento de los datos personales de los usuarios que consultan el sitio web de <strong data-start=\"692\" data-end=\"712\">SERISOLAR S.R.L.<\/strong> (en adelante, el \u201cResponsable\u201d), accesible electr\u00f3nicamente en la siguiente direcci\u00f3n:<\/p>\n<p data-start=\"801\" data-end=\"822\"><strong data-start=\"801\" data-end=\"822\"><a class=\"decorated-link\" href=\"http:\/\/www.serisolar.com\" target=\"_new\" rel=\"noopener\" data-start=\"803\" data-end=\"820\">www.serisolar.com<\/a><\/strong><\/p>\n<p data-start=\"824\" data-end=\"1059\">La presente informaci\u00f3n no se refiere a otros sitios, p\u00e1ginas o servicios en l\u00ednea accesibles mediante enlaces hipertextuales eventualmente presentes en el sitio, pero que remiten a recursos externos al dominio de <strong data-start=\"1038\" data-end=\"1058\">SERISOLAR S.R.L.<\/strong>.<\/p>\n<hr data-start=\"1061\" data-end=\"1064\" \/>\n<h2 data-start=\"1066\" data-end=\"1113\"><strong data-start=\"1069\" data-end=\"1113\">RESPONSABLE DEL TRATAMIENTO DE LOS DATOS<\/strong><\/h2>\n<p data-start=\"1115\" data-end=\"1324\">El responsable del tratamiento es <strong data-start=\"1149\" data-end=\"1169\">SERISOLAR S.R.L.<\/strong>, con sede en Via Kempten, 28 \u2013 38121 Trento (TN), correo electr\u00f3nico: <strong data-start=\"1240\" data-end=\"1262\"><a class=\"decorated-link cursor-pointer\" rel=\"noopener\" data-start=\"1242\" data-end=\"1260\">info@serisolar.com<\/a><\/strong>, PEC: <strong data-start=\"1269\" data-end=\"1297\"><a class=\"decorated-link cursor-pointer\" rel=\"noopener\" data-start=\"1271\" data-end=\"1295\">amm@pec.serisolarsrl.com<\/a><\/strong>, tel\u00e9fono +39 0461\/950065.<\/p>\n<hr data-start=\"1326\" data-end=\"1329\" \/>\n<h2 data-start=\"1331\" data-end=\"1375\"><strong data-start=\"1334\" data-end=\"1375\">DELEGADO DE PROTECCI\u00d3N DE DATOS (DPO)<\/strong><\/h2>\n<p data-start=\"1377\" data-end=\"1602\">El Delegado de Protecci\u00f3n de Datos designado, de conformidad con el art. 37 del Reg. (UE) 2016\/679, puede ser contactado en la siguiente direcci\u00f3n de correo electr\u00f3nico: <strong data-start=\"1547\" data-end=\"1570\"><a class=\"decorated-link cursor-pointer\" rel=\"noopener\" data-start=\"1549\" data-end=\"1568\">dpo@studiogadler.it<\/a><\/strong> o en el n\u00famero +39 0461 512522.<\/p>\n<hr data-start=\"1604\" data-end=\"1607\" \/>\n<h1 data-start=\"1609\" data-end=\"1642\"><strong data-start=\"1611\" data-end=\"1642\">FINALIDADES DEL TRATAMIENTO<\/strong><\/h1>\n<p data-start=\"1644\" data-end=\"1716\">En particular, los datos ser\u00e1n tratados para las siguientes finalidades:<\/p>\n<ul data-start=\"1718\" data-end=\"2739\">\n<li data-start=\"1718\" data-end=\"1781\">\n<p data-start=\"1720\" data-end=\"1781\">navegaci\u00f3n avanzada o gesti\u00f3n de contenidos personalizados;<\/p>\n<\/li>\n<li data-start=\"1782\" data-end=\"1881\">\n<p data-start=\"1784\" data-end=\"1881\">responder a una solicitud enviada expl\u00edcitamente a los datos de contacto presentes en el Sitio;<\/p>\n<\/li>\n<li data-start=\"1882\" data-end=\"1981\">\n<p data-start=\"1884\" data-end=\"1981\">gesti\u00f3n de la relaci\u00f3n contractual establecida y cumplimiento de las obligaciones relacionadas;<\/p>\n<\/li>\n<li data-start=\"1982\" data-end=\"2023\">\n<p data-start=\"1984\" data-end=\"2023\">finalidades administrativo-contables;<\/p>\n<\/li>\n<li data-start=\"2024\" data-end=\"2118\">\n<p data-start=\"2026\" data-end=\"2118\">env\u00edo de comunicaciones electr\u00f3nicas (newsletter) con contenido informativo y\/o comercial;<\/p>\n<\/li>\n<li data-start=\"2119\" data-end=\"2261\">\n<p data-start=\"2121\" data-end=\"2261\">cumplimiento de obligaciones legales y\/o reglamentarias o para responder a solicitudes de Autoridades de Seguridad P\u00fablica y\/o judiciales;<\/p>\n<\/li>\n<li data-start=\"2262\" data-end=\"2418\">\n<p data-start=\"2264\" data-end=\"2418\">comprobar, ejercer o defender un derecho del responsable en sede judicial, o cada vez que las autoridades jurisdiccionales ejerzan funciones judiciales;<\/p>\n<\/li>\n<li data-start=\"2419\" data-end=\"2634\">\n<p data-start=\"2421\" data-end=\"2634\">investigaciones\/an\u00e1lisis estad\u00edsticos sobre datos agregados o an\u00f3nimos, sin posibilidad de identificar al usuario, para medir el funcionamiento del Sitio, analizar el tr\u00e1fico y evaluar el inter\u00e9s hacia el mismo;<\/p>\n<\/li>\n<li data-start=\"2635\" data-end=\"2739\">\n<p data-start=\"2637\" data-end=\"2739\">ejercicio de los derechos del responsable del tratamiento (por ejemplo, derecho de defensa en juicio).<\/p>\n<\/li>\n<\/ul>\n<hr data-start=\"2741\" data-end=\"2744\" \/>\n<h1 data-start=\"2746\" data-end=\"2781\"><strong data-start=\"2748\" data-end=\"2781\">BASE JUR\u00cdDICA DEL TRATAMIENTO<\/strong><\/h1>\n<p data-start=\"2783\" data-end=\"3115\">Los datos personales indicados en esta p\u00e1gina ser\u00e1n tratados exclusivamente para proporcionar el servicio solicitado (por ejemplo, env\u00edo de una solicitud de presupuesto), en base al inter\u00e9s leg\u00edtimo del responsable del tratamiento y al <strong data-start=\"3019\" data-end=\"3062\">consentimiento expl\u00edcito del interesado<\/strong> en lo que respecta a la suscripci\u00f3n a la newsletter.<\/p>\n<hr data-start=\"3117\" data-end=\"3120\" \/>\n<h1 data-start=\"3122\" data-end=\"3165\"><strong data-start=\"3124\" data-end=\"3165\">TIPOS DE DATOS TRATADOS Y FINALIDADES<\/strong><\/h1>\n<h2 data-start=\"3167\" data-end=\"3193\"><strong data-start=\"3170\" data-end=\"3193\">Datos de navegaci\u00f3n<\/strong><\/h2>\n<p data-start=\"3195\" data-end=\"3451\">Los sistemas inform\u00e1ticos y procedimientos software utilizados para el funcionamiento de este sitio adquieren, durante su funcionamiento normal, algunos datos personales cuya transmisi\u00f3n es impl\u00edcita en el uso de los protocolos de comunicaci\u00f3n de Internet.<\/p>\n<p data-start=\"3453\" data-end=\"3483\">Entre estos datos se incluyen:<\/p>\n<ul data-start=\"3485\" data-end=\"3960\">\n<li data-start=\"3485\" data-end=\"3572\">\n<p data-start=\"3487\" data-end=\"3572\">direcciones IP o nombres de dominio de los ordenadores utilizados por los usuarios;<\/p>\n<\/li>\n<li data-start=\"3573\" data-end=\"3651\">\n<p data-start=\"3575\" data-end=\"3651\">direcciones URI (Uniform Resource Identifier) de los recursos solicitados;<\/p>\n<\/li>\n<li data-start=\"3652\" data-end=\"3680\">\n<p data-start=\"3654\" data-end=\"3680\">horario de la solicitud;<\/p>\n<\/li>\n<li data-start=\"3681\" data-end=\"3739\">\n<p data-start=\"3683\" data-end=\"3739\">m\u00e9todo utilizado para enviar la solicitud al servidor;<\/p>\n<\/li>\n<li data-start=\"3740\" data-end=\"3785\">\n<p data-start=\"3742\" data-end=\"3785\">tama\u00f1o del archivo obtenido en respuesta;<\/p>\n<\/li>\n<li data-start=\"3786\" data-end=\"3865\">\n<p data-start=\"3788\" data-end=\"3865\">c\u00f3digo num\u00e9rico relativo al estado de la respuesta (correcta, error, etc.);<\/p>\n<\/li>\n<li data-start=\"3866\" data-end=\"3960\">\n<p data-start=\"3868\" data-end=\"3960\">otros par\u00e1metros relacionados con el sistema operativo y el entorno inform\u00e1tico del usuario.<\/p>\n<\/li>\n<\/ul>\n<p data-start=\"3962\" data-end=\"4049\">Estos datos se utilizan \u00fanicamente para controlar el correcto funcionamiento del Sitio.<\/p>\n<p data-start=\"4051\" data-end=\"4150\">Dichos datos, necesarios para la utilizaci\u00f3n de los servicios web, tambi\u00e9n se tratan con el fin de:<\/p>\n<ul data-start=\"4152\" data-end=\"4399\">\n<li data-start=\"4152\" data-end=\"4332\">\n<p data-start=\"4154\" data-end=\"4332\">obtener informaci\u00f3n estad\u00edstica sobre el uso de los servicios (p\u00e1ginas m\u00e1s visitadas, n\u00famero de visitantes por franja horaria o diaria, \u00e1reas geogr\u00e1ficas de procedencia, etc.);<\/p>\n<\/li>\n<li data-start=\"4333\" data-end=\"4399\">\n<p data-start=\"4335\" data-end=\"4399\">controlar el correcto funcionamiento de los servicios ofrecidos.<\/p>\n<\/li>\n<\/ul>\n<p data-start=\"4401\" data-end=\"4661\">El env\u00edo voluntario y expl\u00edcito de mensajes a las direcciones de contacto de <strong data-start=\"4478\" data-end=\"4498\">SERISOLAR S.R.L.<\/strong> comporta la adquisici\u00f3n de los datos de contacto del remitente, necesarios para responder, as\u00ed como de todos los datos personales incluidos en las comunicaciones.<\/p>\n<hr data-start=\"4663\" data-end=\"4666\" \/>\n<h1 data-start=\"4668\" data-end=\"4713\"><strong data-start=\"4670\" data-end=\"4713\">COOKIES Y OTROS SISTEMAS DE SEGUIMIENTO<\/strong><\/h1>\n<p data-start=\"4715\" data-end=\"4830\">No se utilizan cookies para la elaboraci\u00f3n de perfiles de los usuarios, ni se emplean otros m\u00e9todos de seguimiento.<\/p>\n<hr data-start=\"4832\" data-end=\"4835\" \/>\n<h1 data-start=\"4837\" data-end=\"4869\"><strong data-start=\"4839\" data-end=\"4869\">DESTINATARIOS DE LOS DATOS<\/strong><\/h1>\n<p data-start=\"4871\" data-end=\"5155\">Los datos personales recogidos pueden ser tratados por el personal de <strong data-start=\"4941\" data-end=\"4961\">SERISOLAR S.R.L.<\/strong>, que act\u00faa sobre la base de instrucciones espec\u00edficas del responsable en relaci\u00f3n con finalidades y modalidades del tratamiento, as\u00ed como por sujetos designados como encargados del tratamiento.<\/p>\n<hr data-start=\"5157\" data-end=\"5160\" \/>\n<h1 data-start=\"5162\" data-end=\"5189\"><strong data-start=\"5164\" data-end=\"5189\">LUGAR DEL TRATAMIENTO<\/strong><\/h1>\n<p data-start=\"5191\" data-end=\"5266\">Los datos personales se tratar\u00e1n, generalmente, dentro de la Uni\u00f3n Europea.<\/p>\n<p data-start=\"5268\" data-end=\"5553\">Algunas aplicaciones utilizadas por el Responsable podr\u00edan implicar la transferencia de datos personales a los <strong data-start=\"5379\" data-end=\"5397\">Estados Unidos<\/strong>. Dicho tratamiento se legitima con los arts. 46 y\/o 49 del Reg. (UE) 2016\/679 o, cuando sea necesario, mediante el consentimiento expl\u00edcito del interesado.<\/p>\n<p data-start=\"5555\" data-end=\"5815\">Si fuera necesario, el Responsable podr\u00e1 transferir sus archivos inform\u00e1ticos a otros pa\u00edses fuera de la UE, garantizando que cualquier transferencia se realizar\u00e1 \u00fanicamente hacia Estados que ofrezcan un nivel de protecci\u00f3n adecuado seg\u00fan la normativa vigente.<\/p>\n<hr data-start=\"5817\" data-end=\"5820\" \/>\n<h1 data-start=\"5822\" data-end=\"5851\"><strong data-start=\"5824\" data-end=\"5851\">DERECHOS DEL INTERESADO<\/strong><\/h1>\n<p data-start=\"5853\" data-end=\"5967\">De conformidad con los arts. 15, 16, 17, 18, 19, 20, 21 y 77 del Reglamento (UE), se informa al interesado de que:<\/p>\n<ul data-start=\"5969\" data-end=\"6604\">\n<li data-start=\"5969\" data-end=\"6112\">\n<p data-start=\"5971\" data-end=\"6112\">tiene derecho a solicitar acceso a sus datos personales, su rectificaci\u00f3n, cancelaci\u00f3n o limitaci\u00f3n del tratamiento, o a oponerse al mismo;<\/p>\n<\/li>\n<li data-start=\"6113\" data-end=\"6185\">\n<p data-start=\"6115\" data-end=\"6185\">tiene derecho a la portabilidad de los datos en los casos previstos;<\/p>\n<\/li>\n<li data-start=\"6186\" data-end=\"6412\">\n<p data-start=\"6188\" data-end=\"6412\">cualquier rectificaci\u00f3n o cancelaci\u00f3n solicitada \u2013 salvo que sea imposible o implique un esfuerzo desproporcionado \u2013 ser\u00e1 comunicada por el Responsable a cada uno de los encargados a quienes se hayan transmitido los datos;<\/p>\n<\/li>\n<li data-start=\"6413\" data-end=\"6604\">\n<p data-start=\"6415\" data-end=\"6604\">tiene derecho a presentar una reclamaci\u00f3n ante la Autoridad de Control (Garante para la Protecci\u00f3n de Datos Personales), siguiendo los procedimientos descritos en <strong data-start=\"6578\" data-end=\"6603\"><a class=\"decorated-link\" href=\"http:\/\/www.garanteprivacy.it\" target=\"_new\" rel=\"noopener\" data-start=\"6580\" data-end=\"6601\">www.garanteprivacy.it<\/a><\/strong>.<\/p>\n<\/li>\n<\/ul>\n<p data-start=\"6606\" data-end=\"6679\">El ejercicio de los derechos es gratuito y no est\u00e1 sujeto a formalidades.<\/p>\n<hr data-start=\"6681\" data-end=\"6684\" \/>\n<p data-start=\"6686\" data-end=\"6833\"><strong data-start=\"6686\" data-end=\"6728\">Informaci\u00f3n actualizada el 17\/01\/2022.<\/strong><br data-start=\"6728\" data-end=\"6731\" \/>La presente actualizaci\u00f3n se realiza dentro de una pol\u00edtica de revisi\u00f3n constante de las informativas.<\/p>\n[\/vc_column_text][\/vc_column][\/vc_row]\n","protected":false},"excerpt":{"rendered":"<p>[vc_row type=\u00bbin_container\u00bb full_screen_row_position=\u00bbmiddle\u00bb column_margin=\u00bbdefault\u00bb column_direction=\u00bbdefault\u00bb column_direction_tablet=\u00bbdefault\u00bb column_direction_phone=\u00bbdefault\u00bb scene_position=\u00bbcenter\u00bb text_color=\u00bbdark\u00bb text_align=\u00bbleft\u00bb row_border_radius=\u00bbnone\u00bb row_border_radius_applies=\u00bbbg\u00bb overflow=\u00bbvisible\u00bb overlay_strength=\u00bb0.3&#8243; gradient_direction=\u00bbleft_to_right\u00bb shape_divider_position=\u00bbbottom\u00bb bg_image_animation=\u00bbnone\u00bb][vc_column column_padding=\u00bbno-extra-padding\u00bb column_padding_tablet=\u00bbinherit\u00bb column_padding_phone=\u00bbinherit\u00bb column_padding_position=\u00bball\u00bb column_element_direction_desktop=\u00bbdefault\u00bb column_element_spacing=\u00bbdefault\u00bb desktop_text_alignment=\u00bbdefault\u00bb tablet_text_alignment=\u00bbdefault\u00bb phone_text_alignment=\u00bbdefault\u00bb background_color_opacity=\u00bb1&#8243; background_hover_color_opacity=\u00bb1&#8243; column_backdrop_filter=\u00bbnone\u00bb column_shadow=\u00bbnone\u00bb column_border_radius=\u00bbnone\u00bb column_link_target=\u00bb_self\u00bb&#8230;<\/p>\n","protected":false},"author":1,"featured_media":0,"parent":0,"menu_order":0,"comment_status":"closed","ping_status":"closed","template":"","meta":{"_acf_changed":false,"footnotes":""},"class_list":["post-15177","page","type-page","status-publish"],"acf":[],"_links":{"self":[{"href":"https:\/\/serisolar.com\/es\/wp-json\/wp\/v2\/pages\/15177","targetHints":{"allow":["GET"]}}],"collection":[{"href":"https:\/\/serisolar.com\/es\/wp-json\/wp\/v2\/pages"}],"about":[{"href":"https:\/\/serisolar.com\/es\/wp-json\/wp\/v2\/types\/page"}],"author":[{"embeddable":true,"href":"https:\/\/serisolar.com\/es\/wp-json\/wp\/v2\/users\/1"}],"replies":[{"embeddable":true,"href":"https:\/\/serisolar.com\/es\/wp-json\/wp\/v2\/comments?post=15177"}],"version-history":[{"count":2,"href":"https:\/\/serisolar.com\/es\/wp-json\/wp\/v2\/pages\/15177\/revisions"}],"predecessor-version":[{"id":15180,"href":"https:\/\/serisolar.com\/es\/wp-json\/wp\/v2\/pages\/15177\/revisions\/15180"}],"wp:attachment":[{"href":"https:\/\/serisolar.com\/es\/wp-json\/wp\/v2\/media?parent=15177"}],"curies":[{"name":"wp","href":"https:\/\/api.w.org\/{rel}","templated":true}]}}